{"id":1178,"date":"2019-10-10T11:54:41","date_gmt":"2019-10-10T16:54:41","guid":{"rendered":"https:\/\/traiteurlagrace.com\/?post_type=product&#038;p=1178"},"modified":"2020-09-20T12:24:52","modified_gmt":"2020-09-20T16:24:52","slug":"rouleau-imperiaux","status":"publish","type":"product","link":"https:\/\/traiteurlagrace.com\/en\/producto\/rouleau-imperiaux\/","title":{"rendered":"Rouleaux imp\u00e9riaux"},"content":{"rendered":"","protected":false},"excerpt":{"rendered":"<p>01 \u00e0 1$<\/p>\n<p>La commande se fait \u00e0 partir de 15$.<\/p>","protected":false},"featured_media":1402,"comment_status":"closed","ping_status":"closed","template":"","meta":{"_monsterinsights_skip_tracking":false,"_monsterinsights_sitenote_active":false,"_monsterinsights_sitenote_note":"","_monsterinsights_sitenote_category":0,"_uf_show_specific_survey":0,"_uf_disable_surveys":false},"product_brand":[],"product_cat":[],"product_tag":[],"class_list":{"0":"post-1178","1":"product","2":"type-product","3":"status-publish","4":"has-post-thumbnail","7":"first","8":"instock","9":"shipping-taxable","10":"purchasable","11":"product-type-simple"},"yoast_head":"<!-- This site is optimized with the Yoast SEO plugin v26.4 - https:\/\/yoast.com\/wordpress\/plugins\/seo\/ -->\n<title>Rouleaux imp\u00e9riaux - Traiteur La Gr\u00e2ce<\/title>\n<meta name=\"robots\" content=\"index, follow, max-snippet:-1, max-image-preview:large, max-video-preview:-1\" \/>\n<link rel=\"canonical\" href=\"https:\/\/traiteurlagrace.com\/en\/producto\/rouleau-imperiaux\/\" \/>\n<meta property=\"og:locale\" content=\"en_US\" \/>\n<meta property=\"og:type\" content=\"article\" \/>\n<meta property=\"og:title\" content=\"Rouleaux imp\u00e9riaux - Traiteur La Gr\u00e2ce\" \/>\n<meta property=\"og:description\" content=\"01 \u00e0 1$  La commande se fait \u00e0 partir de 15$.\" \/>\n<meta property=\"og:url\" content=\"https:\/\/traiteurlagrace.com\/en\/producto\/rouleau-imperiaux\/\" \/>\n<meta property=\"og:site_name\" content=\"Traiteur La Gr\u00e2ce\" \/>\n<meta property=\"article:modified_time\" content=\"2020-09-20T16:24:52+00:00\" \/>\n<meta property=\"og:image\" content=\"https:\/\/traiteurlagrace.com\/wp-content\/uploads\/2019\/12\/A3567F3F-3098-4ECB-A589-4112937E5A0D.jpeg\" \/>\n\t<meta property=\"og:image:width\" content=\"4032\" \/>\n\t<meta property=\"og:image:height\" content=\"3024\" \/>\n\t<meta property=\"og:image:type\" content=\"image\/jpeg\" \/>\n<meta name=\"twitter:card\" content=\"summary_large_image\" \/>\n<script type=\"application\/ld+json\" class=\"yoast-schema-graph\">{\"@context\":\"https:\/\/schema.org\",\"@graph\":[{\"@type\":\"WebPage\",\"@id\":\"https:\/\/traiteurlagrace.com\/en\/producto\/rouleau-imperiaux\/\",\"url\":\"https:\/\/traiteurlagrace.com\/en\/producto\/rouleau-imperiaux\/\",\"name\":\"Rouleaux imp\u00e9riaux - Traiteur La Gr\u00e2ce\",\"isPartOf\":{\"@id\":\"https:\/\/traiteurlagrace.com\/en\/#website\"},\"primaryImageOfPage\":{\"@id\":\"https:\/\/traiteurlagrace.com\/en\/producto\/rouleau-imperiaux\/#primaryimage\"},\"image\":{\"@id\":\"https:\/\/traiteurlagrace.com\/en\/producto\/rouleau-imperiaux\/#primaryimage\"},\"thumbnailUrl\":\"https:\/\/traiteurlagrace.com\/wp-content\/uploads\/2019\/12\/A3567F3F-3098-4ECB-A589-4112937E5A0D.jpeg\",\"datePublished\":\"2019-10-10T16:54:41+00:00\",\"dateModified\":\"2020-09-20T16:24:52+00:00\",\"breadcrumb\":{\"@id\":\"https:\/\/traiteurlagrace.com\/en\/producto\/rouleau-imperiaux\/#breadcrumb\"},\"inLanguage\":\"en-US\",\"potentialAction\":[{\"@type\":\"ReadAction\",\"target\":[\"https:\/\/traiteurlagrace.com\/en\/producto\/rouleau-imperiaux\/\"]}]},{\"@type\":\"ImageObject\",\"inLanguage\":\"en-US\",\"@id\":\"https:\/\/traiteurlagrace.com\/en\/producto\/rouleau-imperiaux\/#primaryimage\",\"url\":\"https:\/\/traiteurlagrace.com\/wp-content\/uploads\/2019\/12\/A3567F3F-3098-4ECB-A589-4112937E5A0D.jpeg\",\"contentUrl\":\"https:\/\/traiteurlagrace.com\/wp-content\/uploads\/2019\/12\/A3567F3F-3098-4ECB-A589-4112937E5A0D.jpeg\",\"width\":4032,\"height\":3024,\"caption\":\"Rouleaux imp\u00e9riaux\"},{\"@type\":\"BreadcrumbList\",\"@id\":\"https:\/\/traiteurlagrace.com\/en\/producto\/rouleau-imperiaux\/#breadcrumb\",\"itemListElement\":[{\"@type\":\"ListItem\",\"position\":1,\"name\":\"Accueil\",\"item\":\"https:\/\/traiteurlagrace.com\/\"},{\"@type\":\"ListItem\",\"position\":2,\"name\":\"Commande en ligne\",\"item\":\"https:\/\/traiteurlagrace.com\/commande-en-ligne-2\/\"},{\"@type\":\"ListItem\",\"position\":3,\"name\":\"Rouleaux imp\u00e9riaux\"}]},{\"@type\":\"WebSite\",\"@id\":\"https:\/\/traiteurlagrace.com\/en\/#website\",\"url\":\"https:\/\/traiteurlagrace.com\/en\/\",\"name\":\"Traiteur La Gr\u00e2ce\",\"description\":\"La cuisine, un art, notre passion !\",\"publisher\":{\"@id\":\"https:\/\/traiteurlagrace.com\/en\/#\/schema\/person\/8d88c342bb4f0f946e7b73cef8b000c5\"},\"potentialAction\":[{\"@type\":\"SearchAction\",\"target\":{\"@type\":\"EntryPoint\",\"urlTemplate\":\"https:\/\/traiteurlagrace.com\/en\/?s={search_term_string}\"},\"query-input\":{\"@type\":\"PropertyValueSpecification\",\"valueRequired\":true,\"valueName\":\"search_term_string\"}}],\"inLanguage\":\"en-US\"},{\"@type\":[\"Person\",\"Organization\"],\"@id\":\"https:\/\/traiteurlagrace.com\/en\/#\/schema\/person\/8d88c342bb4f0f946e7b73cef8b000c5\",\"name\":\"admin\",\"image\":{\"@type\":\"ImageObject\",\"inLanguage\":\"en-US\",\"@id\":\"https:\/\/traiteurlagrace.com\/en\/#\/schema\/person\/image\/\",\"url\":\"https:\/\/traiteurlagrace.com\/wp-content\/uploads\/2019\/10\/logo-charlotte.png\",\"contentUrl\":\"https:\/\/traiteurlagrace.com\/wp-content\/uploads\/2019\/10\/logo-charlotte.png\",\"width\":1285,\"height\":1286,\"caption\":\"admin\"},\"logo\":{\"@id\":\"https:\/\/traiteurlagrace.com\/en\/#\/schema\/person\/image\/\"},\"sameAs\":[\"http:\/\/www.traiteurlagrace.com\"]}]}<\/script>\n<!-- \/ Yoast SEO plugin. -->","yoast_head_json":{"title":"Rouleaux imp\u00e9riaux - Traiteur La Gr\u00e2ce","robots":{"index":"index","follow":"follow","max-snippet":"max-snippet:-1","max-image-preview":"max-image-preview:large","max-video-preview":"max-video-preview:-1"},"canonical":"https:\/\/traiteurlagrace.com\/en\/producto\/rouleau-imperiaux\/","og_locale":"en_US","og_type":"article","og_title":"Rouleaux imp\u00e9riaux - Traiteur La Gr\u00e2ce","og_description":"01 \u00e0 1$  La commande se fait \u00e0 partir de 15$.","og_url":"https:\/\/traiteurlagrace.com\/en\/producto\/rouleau-imperiaux\/","og_site_name":"Traiteur La Gr\u00e2ce","article_modified_time":"2020-09-20T16:24:52+00:00","og_image":[{"width":4032,"height":3024,"url":"https:\/\/traiteurlagrace.com\/wp-content\/uploads\/2019\/12\/A3567F3F-3098-4ECB-A589-4112937E5A0D.jpeg","type":"image\/jpeg"}],"twitter_card":"summary_large_image","schema":{"@context":"https:\/\/schema.org","@graph":[{"@type":"WebPage","@id":"https:\/\/traiteurlagrace.com\/en\/producto\/rouleau-imperiaux\/","url":"https:\/\/traiteurlagrace.com\/en\/producto\/rouleau-imperiaux\/","name":"Rouleaux imp\u00e9riaux - Traiteur La Gr\u00e2ce","isPartOf":{"@id":"https:\/\/traiteurlagrace.com\/en\/#website"},"primaryImageOfPage":{"@id":"https:\/\/traiteurlagrace.com\/en\/producto\/rouleau-imperiaux\/#primaryimage"},"image":{"@id":"https:\/\/traiteurlagrace.com\/en\/producto\/rouleau-imperiaux\/#primaryimage"},"thumbnailUrl":"https:\/\/traiteurlagrace.com\/wp-content\/uploads\/2019\/12\/A3567F3F-3098-4ECB-A589-4112937E5A0D.jpeg","datePublished":"2019-10-10T16:54:41+00:00","dateModified":"2020-09-20T16:24:52+00:00","breadcrumb":{"@id":"https:\/\/traiteurlagrace.com\/en\/producto\/rouleau-imperiaux\/#breadcrumb"},"inLanguage":"en-US","potentialAction":[{"@type":"ReadAction","target":["https:\/\/traiteurlagrace.com\/en\/producto\/rouleau-imperiaux\/"]}]},{"@type":"ImageObject","inLanguage":"en-US","@id":"https:\/\/traiteurlagrace.com\/en\/producto\/rouleau-imperiaux\/#primaryimage","url":"https:\/\/traiteurlagrace.com\/wp-content\/uploads\/2019\/12\/A3567F3F-3098-4ECB-A589-4112937E5A0D.jpeg","contentUrl":"https:\/\/traiteurlagrace.com\/wp-content\/uploads\/2019\/12\/A3567F3F-3098-4ECB-A589-4112937E5A0D.jpeg","width":4032,"height":3024,"caption":"Rouleaux imp\u00e9riaux"},{"@type":"BreadcrumbList","@id":"https:\/\/traiteurlagrace.com\/en\/producto\/rouleau-imperiaux\/#breadcrumb","itemListElement":[{"@type":"ListItem","position":1,"name":"Accueil","item":"https:\/\/traiteurlagrace.com\/"},{"@type":"ListItem","position":2,"name":"Commande en ligne","item":"https:\/\/traiteurlagrace.com\/commande-en-ligne-2\/"},{"@type":"ListItem","position":3,"name":"Rouleaux imp\u00e9riaux"}]},{"@type":"WebSite","@id":"https:\/\/traiteurlagrace.com\/en\/#website","url":"https:\/\/traiteurlagrace.com\/en\/","name":"Traiteur La Gr\u00e2ce","description":"La cuisine, un art, notre passion !","publisher":{"@id":"https:\/\/traiteurlagrace.com\/en\/#\/schema\/person\/8d88c342bb4f0f946e7b73cef8b000c5"},"potentialAction":[{"@type":"SearchAction","target":{"@type":"EntryPoint","urlTemplate":"https:\/\/traiteurlagrace.com\/en\/?s={search_term_string}"},"query-input":{"@type":"PropertyValueSpecification","valueRequired":true,"valueName":"search_term_string"}}],"inLanguage":"en-US"},{"@type":["Person","Organization"],"@id":"https:\/\/traiteurlagrace.com\/en\/#\/schema\/person\/8d88c342bb4f0f946e7b73cef8b000c5","name":"admin","image":{"@type":"ImageObject","inLanguage":"en-US","@id":"https:\/\/traiteurlagrace.com\/en\/#\/schema\/person\/image\/","url":"https:\/\/traiteurlagrace.com\/wp-content\/uploads\/2019\/10\/logo-charlotte.png","contentUrl":"https:\/\/traiteurlagrace.com\/wp-content\/uploads\/2019\/10\/logo-charlotte.png","width":1285,"height":1286,"caption":"admin"},"logo":{"@id":"https:\/\/traiteurlagrace.com\/en\/#\/schema\/person\/image\/"},"sameAs":["http:\/\/www.traiteurlagrace.com"]}]}},"jetpack_sharing_enabled":true,"_links":{"self":[{"href":"https:\/\/traiteurlagrace.com\/en\/wp-json\/wp\/v2\/product\/1178","targetHints":{"allow":["GET"]}}],"collection":[{"href":"https:\/\/traiteurlagrace.com\/en\/wp-json\/wp\/v2\/product"}],"about":[{"href":"https:\/\/traiteurlagrace.com\/en\/wp-json\/wp\/v2\/types\/product"}],"replies":[{"embeddable":true,"href":"https:\/\/traiteurlagrace.com\/en\/wp-json\/wp\/v2\/comments?post=1178"}],"version-history":[{"count":0,"href":"https:\/\/traiteurlagrace.com\/en\/wp-json\/wp\/v2\/product\/1178\/revisions"}],"wp:featuredmedia":[{"embeddable":true,"href":"https:\/\/traiteurlagrace.com\/en\/wp-json\/wp\/v2\/media\/1402"}],"wp:attachment":[{"href":"https:\/\/traiteurlagrace.com\/en\/wp-json\/wp\/v2\/media?parent=1178"}],"wp:term":[{"taxonomy":"product_brand","embeddable":true,"href":"https:\/\/traiteurlagrace.com\/en\/wp-json\/wp\/v2\/product_brand?post=1178"},{"taxonomy":"product_cat","embeddable":true,"href":"https:\/\/traiteurlagrace.com\/en\/wp-json\/wp\/v2\/product_cat?post=1178"},{"taxonomy":"product_tag","embeddable":true,"href":"https:\/\/traiteurlagrace.com\/en\/wp-json\/wp\/v2\/product_tag?post=1178"}],"curies":[{"name":"wp","href":"https:\/\/api.w.org\/{rel}","templated":true}]}}