{"id":1628,"date":"2020-07-07T20:57:13","date_gmt":"2020-07-08T00:57:13","guid":{"rendered":"https:\/\/traiteurlagrace.com\/?post_type=product&#038;p=1628"},"modified":"2024-01-02T00:31:09","modified_gmt":"2024-01-02T05:31:09","slug":"yassa-poulet","status":"publish","type":"product","link":"https:\/\/traiteurlagrace.com\/en\/producto\/yassa-poulet\/","title":{"rendered":"Yassa poulet vermicelles ou riz"},"content":{"rendered":"","protected":false},"excerpt":{"rendered":"","protected":false},"featured_media":1625,"comment_status":"closed","ping_status":"closed","template":"","meta":{"_monsterinsights_skip_tracking":false,"_monsterinsights_sitenote_active":false,"_monsterinsights_sitenote_note":"","_monsterinsights_sitenote_category":0,"_uf_show_specific_survey":0,"_uf_disable_surveys":false},"product_brand":[],"product_cat":[19],"product_tag":[],"class_list":{"0":"post-1628","1":"product","2":"type-product","3":"status-publish","4":"has-post-thumbnail","6":"product_cat-menu-de-la-semaine","8":"first","9":"instock","10":"shipping-taxable","11":"product-type-simple"},"yoast_head":"<!-- This site is optimized with the Yoast SEO plugin v26.4 - https:\/\/yoast.com\/wordpress\/plugins\/seo\/ -->\n<title>Poulet Yassa<\/title>\n<meta name=\"description\" content=\"Poulet Yassa est un plat delicieux originaire du S\u00e9n\u00e9gal. Il est compos\u00e9 de poulet marin\u00e9, les oignons, du vinaigre et le jus de lime.\" \/>\n<meta name=\"robots\" content=\"index, follow, max-snippet:-1, max-image-preview:large, max-video-preview:-1\" \/>\n<link rel=\"canonical\" href=\"https:\/\/traiteurlagrace.com\/en\/producto\/yassa-poulet\/\" \/>\n<meta property=\"og:locale\" content=\"en_US\" \/>\n<meta property=\"og:type\" content=\"article\" \/>\n<meta property=\"og:title\" content=\"Poulet Yassa\" \/>\n<meta property=\"og:description\" content=\"Poulet Yassa est un plat delicieux originaire du S\u00e9n\u00e9gal. Il est compos\u00e9 de poulet marin\u00e9, les oignons, du vinaigre et le jus de lime.\" \/>\n<meta property=\"og:url\" content=\"https:\/\/traiteurlagrace.com\/en\/producto\/yassa-poulet\/\" \/>\n<meta property=\"og:site_name\" content=\"Traiteur La Gr\u00e2ce\" \/>\n<meta property=\"article:modified_time\" content=\"2024-01-02T05:31:09+00:00\" \/>\n<meta property=\"og:image\" content=\"https:\/\/traiteurlagrace.com\/wp-content\/uploads\/2020\/07\/Yassa-poulet-vermicelles.jpg\" \/>\n\t<meta property=\"og:image:width\" content=\"1080\" \/>\n\t<meta property=\"og:image:height\" content=\"1053\" \/>\n\t<meta property=\"og:image:type\" content=\"image\/jpeg\" \/>\n<meta name=\"twitter:card\" content=\"summary_large_image\" \/>\n<script type=\"application\/ld+json\" class=\"yoast-schema-graph\">{\"@context\":\"https:\/\/schema.org\",\"@graph\":[{\"@type\":\"WebPage\",\"@id\":\"https:\/\/traiteurlagrace.com\/en\/producto\/yassa-poulet\/\",\"url\":\"https:\/\/traiteurlagrace.com\/en\/producto\/yassa-poulet\/\",\"name\":\"Poulet Yassa\",\"isPartOf\":{\"@id\":\"https:\/\/traiteurlagrace.com\/en\/#website\"},\"primaryImageOfPage\":{\"@id\":\"https:\/\/traiteurlagrace.com\/en\/producto\/yassa-poulet\/#primaryimage\"},\"image\":{\"@id\":\"https:\/\/traiteurlagrace.com\/en\/producto\/yassa-poulet\/#primaryimage\"},\"thumbnailUrl\":\"https:\/\/traiteurlagrace.com\/wp-content\/uploads\/2020\/07\/Yassa-poulet-vermicelles.jpg\",\"datePublished\":\"2020-07-08T00:57:13+00:00\",\"dateModified\":\"2024-01-02T05:31:09+00:00\",\"description\":\"Poulet Yassa est un plat delicieux originaire du S\u00e9n\u00e9gal. Il est compos\u00e9 de poulet marin\u00e9, les oignons, du vinaigre et le jus de lime.\",\"breadcrumb\":{\"@id\":\"https:\/\/traiteurlagrace.com\/en\/producto\/yassa-poulet\/#breadcrumb\"},\"inLanguage\":\"en-US\",\"potentialAction\":[{\"@type\":\"ReadAction\",\"target\":[\"https:\/\/traiteurlagrace.com\/en\/producto\/yassa-poulet\/\"]}]},{\"@type\":\"ImageObject\",\"inLanguage\":\"en-US\",\"@id\":\"https:\/\/traiteurlagrace.com\/en\/producto\/yassa-poulet\/#primaryimage\",\"url\":\"https:\/\/traiteurlagrace.com\/wp-content\/uploads\/2020\/07\/Yassa-poulet-vermicelles.jpg\",\"contentUrl\":\"https:\/\/traiteurlagrace.com\/wp-content\/uploads\/2020\/07\/Yassa-poulet-vermicelles.jpg\",\"width\":1080,\"height\":1053},{\"@type\":\"BreadcrumbList\",\"@id\":\"https:\/\/traiteurlagrace.com\/en\/producto\/yassa-poulet\/#breadcrumb\",\"itemListElement\":[{\"@type\":\"ListItem\",\"position\":1,\"name\":\"Accueil\",\"item\":\"https:\/\/traiteurlagrace.com\/\"},{\"@type\":\"ListItem\",\"position\":2,\"name\":\"Commande en ligne\",\"item\":\"https:\/\/traiteurlagrace.com\/commande-en-ligne-2\/\"},{\"@type\":\"ListItem\",\"position\":3,\"name\":\"Yassa poulet vermicelles ou riz\"}]},{\"@type\":\"WebSite\",\"@id\":\"https:\/\/traiteurlagrace.com\/en\/#website\",\"url\":\"https:\/\/traiteurlagrace.com\/en\/\",\"name\":\"Traiteur La Gr\u00e2ce\",\"description\":\"La cuisine, un art, notre passion !\",\"publisher\":{\"@id\":\"https:\/\/traiteurlagrace.com\/en\/#\/schema\/person\/8d88c342bb4f0f946e7b73cef8b000c5\"},\"potentialAction\":[{\"@type\":\"SearchAction\",\"target\":{\"@type\":\"EntryPoint\",\"urlTemplate\":\"https:\/\/traiteurlagrace.com\/en\/?s={search_term_string}\"},\"query-input\":{\"@type\":\"PropertyValueSpecification\",\"valueRequired\":true,\"valueName\":\"search_term_string\"}}],\"inLanguage\":\"en-US\"},{\"@type\":[\"Person\",\"Organization\"],\"@id\":\"https:\/\/traiteurlagrace.com\/en\/#\/schema\/person\/8d88c342bb4f0f946e7b73cef8b000c5\",\"name\":\"admin\",\"image\":{\"@type\":\"ImageObject\",\"inLanguage\":\"en-US\",\"@id\":\"https:\/\/traiteurlagrace.com\/en\/#\/schema\/person\/image\/\",\"url\":\"https:\/\/traiteurlagrace.com\/wp-content\/uploads\/2019\/10\/logo-charlotte.png\",\"contentUrl\":\"https:\/\/traiteurlagrace.com\/wp-content\/uploads\/2019\/10\/logo-charlotte.png\",\"width\":1285,\"height\":1286,\"caption\":\"admin\"},\"logo\":{\"@id\":\"https:\/\/traiteurlagrace.com\/en\/#\/schema\/person\/image\/\"},\"sameAs\":[\"http:\/\/www.traiteurlagrace.com\"]}]}<\/script>\n<!-- \/ Yoast SEO plugin. -->","yoast_head_json":{"title":"Poulet Yassa","description":"Poulet Yassa est un plat delicieux originaire du S\u00e9n\u00e9gal. Il est compos\u00e9 de poulet marin\u00e9, les oignons, du vinaigre et le jus de lime.","robots":{"index":"index","follow":"follow","max-snippet":"max-snippet:-1","max-image-preview":"max-image-preview:large","max-video-preview":"max-video-preview:-1"},"canonical":"https:\/\/traiteurlagrace.com\/en\/producto\/yassa-poulet\/","og_locale":"en_US","og_type":"article","og_title":"Poulet Yassa","og_description":"Poulet Yassa est un plat delicieux originaire du S\u00e9n\u00e9gal. Il est compos\u00e9 de poulet marin\u00e9, les oignons, du vinaigre et le jus de lime.","og_url":"https:\/\/traiteurlagrace.com\/en\/producto\/yassa-poulet\/","og_site_name":"Traiteur La Gr\u00e2ce","article_modified_time":"2024-01-02T05:31:09+00:00","og_image":[{"width":1080,"height":1053,"url":"https:\/\/traiteurlagrace.com\/wp-content\/uploads\/2020\/07\/Yassa-poulet-vermicelles.jpg","type":"image\/jpeg"}],"twitter_card":"summary_large_image","schema":{"@context":"https:\/\/schema.org","@graph":[{"@type":"WebPage","@id":"https:\/\/traiteurlagrace.com\/en\/producto\/yassa-poulet\/","url":"https:\/\/traiteurlagrace.com\/en\/producto\/yassa-poulet\/","name":"Poulet Yassa","isPartOf":{"@id":"https:\/\/traiteurlagrace.com\/en\/#website"},"primaryImageOfPage":{"@id":"https:\/\/traiteurlagrace.com\/en\/producto\/yassa-poulet\/#primaryimage"},"image":{"@id":"https:\/\/traiteurlagrace.com\/en\/producto\/yassa-poulet\/#primaryimage"},"thumbnailUrl":"https:\/\/traiteurlagrace.com\/wp-content\/uploads\/2020\/07\/Yassa-poulet-vermicelles.jpg","datePublished":"2020-07-08T00:57:13+00:00","dateModified":"2024-01-02T05:31:09+00:00","description":"Poulet Yassa est un plat delicieux originaire du S\u00e9n\u00e9gal. Il est compos\u00e9 de poulet marin\u00e9, les oignons, du vinaigre et le jus de lime.","breadcrumb":{"@id":"https:\/\/traiteurlagrace.com\/en\/producto\/yassa-poulet\/#breadcrumb"},"inLanguage":"en-US","potentialAction":[{"@type":"ReadAction","target":["https:\/\/traiteurlagrace.com\/en\/producto\/yassa-poulet\/"]}]},{"@type":"ImageObject","inLanguage":"en-US","@id":"https:\/\/traiteurlagrace.com\/en\/producto\/yassa-poulet\/#primaryimage","url":"https:\/\/traiteurlagrace.com\/wp-content\/uploads\/2020\/07\/Yassa-poulet-vermicelles.jpg","contentUrl":"https:\/\/traiteurlagrace.com\/wp-content\/uploads\/2020\/07\/Yassa-poulet-vermicelles.jpg","width":1080,"height":1053},{"@type":"BreadcrumbList","@id":"https:\/\/traiteurlagrace.com\/en\/producto\/yassa-poulet\/#breadcrumb","itemListElement":[{"@type":"ListItem","position":1,"name":"Accueil","item":"https:\/\/traiteurlagrace.com\/"},{"@type":"ListItem","position":2,"name":"Commande en ligne","item":"https:\/\/traiteurlagrace.com\/commande-en-ligne-2\/"},{"@type":"ListItem","position":3,"name":"Yassa poulet vermicelles ou riz"}]},{"@type":"WebSite","@id":"https:\/\/traiteurlagrace.com\/en\/#website","url":"https:\/\/traiteurlagrace.com\/en\/","name":"Traiteur La Gr\u00e2ce","description":"La cuisine, un art, notre passion !","publisher":{"@id":"https:\/\/traiteurlagrace.com\/en\/#\/schema\/person\/8d88c342bb4f0f946e7b73cef8b000c5"},"potentialAction":[{"@type":"SearchAction","target":{"@type":"EntryPoint","urlTemplate":"https:\/\/traiteurlagrace.com\/en\/?s={search_term_string}"},"query-input":{"@type":"PropertyValueSpecification","valueRequired":true,"valueName":"search_term_string"}}],"inLanguage":"en-US"},{"@type":["Person","Organization"],"@id":"https:\/\/traiteurlagrace.com\/en\/#\/schema\/person\/8d88c342bb4f0f946e7b73cef8b000c5","name":"admin","image":{"@type":"ImageObject","inLanguage":"en-US","@id":"https:\/\/traiteurlagrace.com\/en\/#\/schema\/person\/image\/","url":"https:\/\/traiteurlagrace.com\/wp-content\/uploads\/2019\/10\/logo-charlotte.png","contentUrl":"https:\/\/traiteurlagrace.com\/wp-content\/uploads\/2019\/10\/logo-charlotte.png","width":1285,"height":1286,"caption":"admin"},"logo":{"@id":"https:\/\/traiteurlagrace.com\/en\/#\/schema\/person\/image\/"},"sameAs":["http:\/\/www.traiteurlagrace.com"]}]}},"jetpack_sharing_enabled":true,"_links":{"self":[{"href":"https:\/\/traiteurlagrace.com\/en\/wp-json\/wp\/v2\/product\/1628","targetHints":{"allow":["GET"]}}],"collection":[{"href":"https:\/\/traiteurlagrace.com\/en\/wp-json\/wp\/v2\/product"}],"about":[{"href":"https:\/\/traiteurlagrace.com\/en\/wp-json\/wp\/v2\/types\/product"}],"replies":[{"embeddable":true,"href":"https:\/\/traiteurlagrace.com\/en\/wp-json\/wp\/v2\/comments?post=1628"}],"version-history":[{"count":0,"href":"https:\/\/traiteurlagrace.com\/en\/wp-json\/wp\/v2\/product\/1628\/revisions"}],"wp:featuredmedia":[{"embeddable":true,"href":"https:\/\/traiteurlagrace.com\/en\/wp-json\/wp\/v2\/media\/1625"}],"wp:attachment":[{"href":"https:\/\/traiteurlagrace.com\/en\/wp-json\/wp\/v2\/media?parent=1628"}],"wp:term":[{"taxonomy":"product_brand","embeddable":true,"href":"https:\/\/traiteurlagrace.com\/en\/wp-json\/wp\/v2\/product_brand?post=1628"},{"taxonomy":"product_cat","embeddable":true,"href":"https:\/\/traiteurlagrace.com\/en\/wp-json\/wp\/v2\/product_cat?post=1628"},{"taxonomy":"product_tag","embeddable":true,"href":"https:\/\/traiteurlagrace.com\/en\/wp-json\/wp\/v2\/product_tag?post=1628"}],"curies":[{"name":"wp","href":"https:\/\/api.w.org\/{rel}","templated":true}]}}