{"id":1672,"date":"2020-12-08T11:31:00","date_gmt":"2020-12-08T16:31:00","guid":{"rendered":"https:\/\/traiteurlagrace.com\/?post_type=product&#038;p=1672"},"modified":"2024-01-02T00:29:06","modified_gmt":"2024-01-02T05:29:06","slug":"poulet-coco-curry","status":"publish","type":"product","link":"https:\/\/traiteurlagrace.com\/en\/producto\/poulet-coco-curry\/","title":{"rendered":"Poulet Coco Curry"},"content":{"rendered":"","protected":false},"excerpt":{"rendered":"","protected":false},"featured_media":1670,"comment_status":"closed","ping_status":"closed","template":"","meta":{"_monsterinsights_skip_tracking":false,"_monsterinsights_sitenote_active":false,"_monsterinsights_sitenote_note":"","_monsterinsights_sitenote_category":0,"_uf_show_specific_survey":0,"_uf_disable_surveys":false},"product_brand":[],"product_cat":[19],"product_tag":[],"class_list":{"0":"post-1672","1":"product","2":"type-product","3":"status-publish","4":"has-post-thumbnail","6":"product_cat-menu-de-la-semaine","8":"first","9":"instock","10":"shipping-taxable","11":"product-type-simple"},"yoast_head":"<!-- This site is optimized with the Yoast SEO plugin v26.4 - https:\/\/yoast.com\/wordpress\/plugins\/seo\/ -->\n<title>Poulet au curry au lait de coco et \u00e0 la cr\u00e8me de cuisson<\/title>\n<meta name=\"description\" content=\"D\u00e9couvrez une recette du Poulet au curry au lait de coco et \u00e0 la cr\u00e8me de cuisson. Un met d\u00e9licieux et savoureux \u00e0 d\u00e9guster avec du riz\" \/>\n<meta name=\"robots\" content=\"index, follow, max-snippet:-1, max-image-preview:large, max-video-preview:-1\" \/>\n<link rel=\"canonical\" href=\"https:\/\/traiteurlagrace.com\/en\/producto\/poulet-coco-curry\/\" \/>\n<meta property=\"og:locale\" content=\"en_US\" \/>\n<meta property=\"og:type\" content=\"article\" \/>\n<meta property=\"og:title\" content=\"Poulet au curry au lait de coco et \u00e0 la cr\u00e8me de cuisson\" \/>\n<meta property=\"og:description\" content=\"D\u00e9couvrez une recette du Poulet au curry au lait de coco et \u00e0 la cr\u00e8me de cuisson. Un met d\u00e9licieux et savoureux \u00e0 d\u00e9guster avec du riz\" \/>\n<meta property=\"og:url\" content=\"https:\/\/traiteurlagrace.com\/en\/producto\/poulet-coco-curry\/\" \/>\n<meta property=\"og:site_name\" content=\"Traiteur La Gr\u00e2ce\" \/>\n<meta property=\"article:modified_time\" content=\"2024-01-02T05:29:06+00:00\" \/>\n<meta property=\"og:image\" content=\"https:\/\/traiteurlagrace.com\/wp-content\/uploads\/2020\/12\/Poulet-coco-curry-2.jpg\" \/>\n\t<meta property=\"og:image:width\" content=\"550\" \/>\n\t<meta property=\"og:image:height\" content=\"440\" \/>\n\t<meta property=\"og:image:type\" content=\"image\/jpeg\" \/>\n<meta name=\"twitter:card\" content=\"summary_large_image\" \/>\n<script type=\"application\/ld+json\" class=\"yoast-schema-graph\">{\"@context\":\"https:\/\/schema.org\",\"@graph\":[{\"@type\":\"WebPage\",\"@id\":\"https:\/\/traiteurlagrace.com\/en\/producto\/poulet-coco-curry\/\",\"url\":\"https:\/\/traiteurlagrace.com\/en\/producto\/poulet-coco-curry\/\",\"name\":\"Poulet au curry au lait de coco et \u00e0 la cr\u00e8me de cuisson\",\"isPartOf\":{\"@id\":\"https:\/\/traiteurlagrace.com\/en\/#website\"},\"primaryImageOfPage\":{\"@id\":\"https:\/\/traiteurlagrace.com\/en\/producto\/poulet-coco-curry\/#primaryimage\"},\"image\":{\"@id\":\"https:\/\/traiteurlagrace.com\/en\/producto\/poulet-coco-curry\/#primaryimage\"},\"thumbnailUrl\":\"https:\/\/traiteurlagrace.com\/wp-content\/uploads\/2020\/12\/Poulet-coco-curry-2.jpg\",\"datePublished\":\"2020-12-08T16:31:00+00:00\",\"dateModified\":\"2024-01-02T05:29:06+00:00\",\"description\":\"D\u00e9couvrez une recette du Poulet au curry au lait de coco et \u00e0 la cr\u00e8me de cuisson. Un met d\u00e9licieux et savoureux \u00e0 d\u00e9guster avec du riz\",\"breadcrumb\":{\"@id\":\"https:\/\/traiteurlagrace.com\/en\/producto\/poulet-coco-curry\/#breadcrumb\"},\"inLanguage\":\"en-US\",\"potentialAction\":[{\"@type\":\"ReadAction\",\"target\":[\"https:\/\/traiteurlagrace.com\/en\/producto\/poulet-coco-curry\/\"]}]},{\"@type\":\"ImageObject\",\"inLanguage\":\"en-US\",\"@id\":\"https:\/\/traiteurlagrace.com\/en\/producto\/poulet-coco-curry\/#primaryimage\",\"url\":\"https:\/\/traiteurlagrace.com\/wp-content\/uploads\/2020\/12\/Poulet-coco-curry-2.jpg\",\"contentUrl\":\"https:\/\/traiteurlagrace.com\/wp-content\/uploads\/2020\/12\/Poulet-coco-curry-2.jpg\",\"width\":550,\"height\":440},{\"@type\":\"BreadcrumbList\",\"@id\":\"https:\/\/traiteurlagrace.com\/en\/producto\/poulet-coco-curry\/#breadcrumb\",\"itemListElement\":[{\"@type\":\"ListItem\",\"position\":1,\"name\":\"Accueil\",\"item\":\"https:\/\/traiteurlagrace.com\/\"},{\"@type\":\"ListItem\",\"position\":2,\"name\":\"Commande en ligne\",\"item\":\"https:\/\/traiteurlagrace.com\/commande-en-ligne-2\/\"},{\"@type\":\"ListItem\",\"position\":3,\"name\":\"Poulet Coco Curry\"}]},{\"@type\":\"WebSite\",\"@id\":\"https:\/\/traiteurlagrace.com\/en\/#website\",\"url\":\"https:\/\/traiteurlagrace.com\/en\/\",\"name\":\"Traiteur La Gr\u00e2ce\",\"description\":\"La cuisine, un art, notre passion !\",\"publisher\":{\"@id\":\"https:\/\/traiteurlagrace.com\/en\/#\/schema\/person\/8d88c342bb4f0f946e7b73cef8b000c5\"},\"potentialAction\":[{\"@type\":\"SearchAction\",\"target\":{\"@type\":\"EntryPoint\",\"urlTemplate\":\"https:\/\/traiteurlagrace.com\/en\/?s={search_term_string}\"},\"query-input\":{\"@type\":\"PropertyValueSpecification\",\"valueRequired\":true,\"valueName\":\"search_term_string\"}}],\"inLanguage\":\"en-US\"},{\"@type\":[\"Person\",\"Organization\"],\"@id\":\"https:\/\/traiteurlagrace.com\/en\/#\/schema\/person\/8d88c342bb4f0f946e7b73cef8b000c5\",\"name\":\"admin\",\"image\":{\"@type\":\"ImageObject\",\"inLanguage\":\"en-US\",\"@id\":\"https:\/\/traiteurlagrace.com\/en\/#\/schema\/person\/image\/\",\"url\":\"https:\/\/traiteurlagrace.com\/wp-content\/uploads\/2019\/10\/logo-charlotte.png\",\"contentUrl\":\"https:\/\/traiteurlagrace.com\/wp-content\/uploads\/2019\/10\/logo-charlotte.png\",\"width\":1285,\"height\":1286,\"caption\":\"admin\"},\"logo\":{\"@id\":\"https:\/\/traiteurlagrace.com\/en\/#\/schema\/person\/image\/\"},\"sameAs\":[\"http:\/\/www.traiteurlagrace.com\"]}]}<\/script>\n<!-- \/ Yoast SEO plugin. -->","yoast_head_json":{"title":"Poulet au curry au lait de coco et \u00e0 la cr\u00e8me de cuisson","description":"D\u00e9couvrez une recette du Poulet au curry au lait de coco et \u00e0 la cr\u00e8me de cuisson. Un met d\u00e9licieux et savoureux \u00e0 d\u00e9guster avec du riz","robots":{"index":"index","follow":"follow","max-snippet":"max-snippet:-1","max-image-preview":"max-image-preview:large","max-video-preview":"max-video-preview:-1"},"canonical":"https:\/\/traiteurlagrace.com\/en\/producto\/poulet-coco-curry\/","og_locale":"en_US","og_type":"article","og_title":"Poulet au curry au lait de coco et \u00e0 la cr\u00e8me de cuisson","og_description":"D\u00e9couvrez une recette du Poulet au curry au lait de coco et \u00e0 la cr\u00e8me de cuisson. Un met d\u00e9licieux et savoureux \u00e0 d\u00e9guster avec du riz","og_url":"https:\/\/traiteurlagrace.com\/en\/producto\/poulet-coco-curry\/","og_site_name":"Traiteur La Gr\u00e2ce","article_modified_time":"2024-01-02T05:29:06+00:00","og_image":[{"width":550,"height":440,"url":"https:\/\/traiteurlagrace.com\/wp-content\/uploads\/2020\/12\/Poulet-coco-curry-2.jpg","type":"image\/jpeg"}],"twitter_card":"summary_large_image","schema":{"@context":"https:\/\/schema.org","@graph":[{"@type":"WebPage","@id":"https:\/\/traiteurlagrace.com\/en\/producto\/poulet-coco-curry\/","url":"https:\/\/traiteurlagrace.com\/en\/producto\/poulet-coco-curry\/","name":"Poulet au curry au lait de coco et \u00e0 la cr\u00e8me de cuisson","isPartOf":{"@id":"https:\/\/traiteurlagrace.com\/en\/#website"},"primaryImageOfPage":{"@id":"https:\/\/traiteurlagrace.com\/en\/producto\/poulet-coco-curry\/#primaryimage"},"image":{"@id":"https:\/\/traiteurlagrace.com\/en\/producto\/poulet-coco-curry\/#primaryimage"},"thumbnailUrl":"https:\/\/traiteurlagrace.com\/wp-content\/uploads\/2020\/12\/Poulet-coco-curry-2.jpg","datePublished":"2020-12-08T16:31:00+00:00","dateModified":"2024-01-02T05:29:06+00:00","description":"D\u00e9couvrez une recette du Poulet au curry au lait de coco et \u00e0 la cr\u00e8me de cuisson. Un met d\u00e9licieux et savoureux \u00e0 d\u00e9guster avec du riz","breadcrumb":{"@id":"https:\/\/traiteurlagrace.com\/en\/producto\/poulet-coco-curry\/#breadcrumb"},"inLanguage":"en-US","potentialAction":[{"@type":"ReadAction","target":["https:\/\/traiteurlagrace.com\/en\/producto\/poulet-coco-curry\/"]}]},{"@type":"ImageObject","inLanguage":"en-US","@id":"https:\/\/traiteurlagrace.com\/en\/producto\/poulet-coco-curry\/#primaryimage","url":"https:\/\/traiteurlagrace.com\/wp-content\/uploads\/2020\/12\/Poulet-coco-curry-2.jpg","contentUrl":"https:\/\/traiteurlagrace.com\/wp-content\/uploads\/2020\/12\/Poulet-coco-curry-2.jpg","width":550,"height":440},{"@type":"BreadcrumbList","@id":"https:\/\/traiteurlagrace.com\/en\/producto\/poulet-coco-curry\/#breadcrumb","itemListElement":[{"@type":"ListItem","position":1,"name":"Accueil","item":"https:\/\/traiteurlagrace.com\/"},{"@type":"ListItem","position":2,"name":"Commande en ligne","item":"https:\/\/traiteurlagrace.com\/commande-en-ligne-2\/"},{"@type":"ListItem","position":3,"name":"Poulet Coco Curry"}]},{"@type":"WebSite","@id":"https:\/\/traiteurlagrace.com\/en\/#website","url":"https:\/\/traiteurlagrace.com\/en\/","name":"Traiteur La Gr\u00e2ce","description":"La cuisine, un art, notre passion !","publisher":{"@id":"https:\/\/traiteurlagrace.com\/en\/#\/schema\/person\/8d88c342bb4f0f946e7b73cef8b000c5"},"potentialAction":[{"@type":"SearchAction","target":{"@type":"EntryPoint","urlTemplate":"https:\/\/traiteurlagrace.com\/en\/?s={search_term_string}"},"query-input":{"@type":"PropertyValueSpecification","valueRequired":true,"valueName":"search_term_string"}}],"inLanguage":"en-US"},{"@type":["Person","Organization"],"@id":"https:\/\/traiteurlagrace.com\/en\/#\/schema\/person\/8d88c342bb4f0f946e7b73cef8b000c5","name":"admin","image":{"@type":"ImageObject","inLanguage":"en-US","@id":"https:\/\/traiteurlagrace.com\/en\/#\/schema\/person\/image\/","url":"https:\/\/traiteurlagrace.com\/wp-content\/uploads\/2019\/10\/logo-charlotte.png","contentUrl":"https:\/\/traiteurlagrace.com\/wp-content\/uploads\/2019\/10\/logo-charlotte.png","width":1285,"height":1286,"caption":"admin"},"logo":{"@id":"https:\/\/traiteurlagrace.com\/en\/#\/schema\/person\/image\/"},"sameAs":["http:\/\/www.traiteurlagrace.com"]}]}},"jetpack_sharing_enabled":true,"_links":{"self":[{"href":"https:\/\/traiteurlagrace.com\/en\/wp-json\/wp\/v2\/product\/1672","targetHints":{"allow":["GET"]}}],"collection":[{"href":"https:\/\/traiteurlagrace.com\/en\/wp-json\/wp\/v2\/product"}],"about":[{"href":"https:\/\/traiteurlagrace.com\/en\/wp-json\/wp\/v2\/types\/product"}],"replies":[{"embeddable":true,"href":"https:\/\/traiteurlagrace.com\/en\/wp-json\/wp\/v2\/comments?post=1672"}],"version-history":[{"count":0,"href":"https:\/\/traiteurlagrace.com\/en\/wp-json\/wp\/v2\/product\/1672\/revisions"}],"wp:featuredmedia":[{"embeddable":true,"href":"https:\/\/traiteurlagrace.com\/en\/wp-json\/wp\/v2\/media\/1670"}],"wp:attachment":[{"href":"https:\/\/traiteurlagrace.com\/en\/wp-json\/wp\/v2\/media?parent=1672"}],"wp:term":[{"taxonomy":"product_brand","embeddable":true,"href":"https:\/\/traiteurlagrace.com\/en\/wp-json\/wp\/v2\/product_brand?post=1672"},{"taxonomy":"product_cat","embeddable":true,"href":"https:\/\/traiteurlagrace.com\/en\/wp-json\/wp\/v2\/product_cat?post=1672"},{"taxonomy":"product_tag","embeddable":true,"href":"https:\/\/traiteurlagrace.com\/en\/wp-json\/wp\/v2\/product_tag?post=1672"}],"curies":[{"name":"wp","href":"https:\/\/api.w.org\/{rel}","templated":true}]}}